{"id":1408,"date":"2023-04-20T19:01:34","date_gmt":"2023-04-20T19:01:34","guid":{"rendered":"https:\/\/rayoflightthemes.com\/wordpress-themes\/politit-wordpress-theme\/?page_id=1408"},"modified":"2025-05-13T16:17:57","modified_gmt":"2025-05-13T16:17:57","slug":"alaturati-va","status":"publish","type":"page","link":"https:\/\/moldovamare.md\/md\/alaturati-va\/","title":{"rendered":"Al\u0103tura\u021bi-v\u0103"},"content":{"rendered":"<div data-elementor-type=\"wp-page\" data-elementor-id=\"1408\" class=\"elementor elementor-1408\" data-elementor-post-type=\"page\">\n\t\t\t\t\t\t<section class=\"elementor-section elementor-top-section elementor-element elementor-element-4638fad elementor-section-content-middle elementor-section-boxed elementor-section-height-default elementor-section-height-default\" data-id=\"4638fad\" data-element_type=\"section\">\n\t\t\t\t\t\t<div class=\"elementor-container elementor-column-gap-extended\">\n\t\t\t\t\t<div class=\"elementor-column elementor-col-50 elementor-top-column elementor-element elementor-element-65949e9\" data-id=\"65949e9\" data-element_type=\"column\">\n\t\t\t<div class=\"elementor-widget-wrap elementor-element-populated\">\n\t\t\t\t\t\t<div class=\"elementor-element elementor-element-621b25b elementor-widget elementor-widget-text-editor\" data-id=\"621b25b\" data-element_type=\"widget\" data-widget_type=\"text-editor.default\">\n\t\t\t\t<div class=\"elementor-widget-container\">\n\t\t\t\t\t\t\t\t\t<h3>Deveni\u021bi parte a schimb\u0103rilor pe care le cre\u0103m \u00eempreun\u0103.<\/h3>\t\t\t\t\t\t\t\t<\/div>\n\t\t\t\t<\/div>\n\t\t\t\t<div class=\"elementor-element elementor-element-f17c364 elementor-widget elementor-widget-rtpolitit-textline\" data-id=\"f17c364\" data-element_type=\"widget\" data-widget_type=\"rtpolitit-textline.default\">\n\t\t\t\t<div class=\"elementor-widget-container\">\n\t\t\t\t\t \n  <div class=\"textline\">\n\t\t<div class=\"textline-line\"><\/div>\n    <div class=\"\"><p>De ce merit\u0103 s\u0103 v\u0103 al\u0103tura\u021bi:<\/p><\/div>\n <\/div>\n  \t\t\t\t<\/div>\n\t\t\t\t<\/div>\n\t\t\t\t<div class=\"elementor-element elementor-element-ea2474a elementor-widget elementor-widget-rtpolitit-list2\" data-id=\"ea2474a\" data-element_type=\"widget\" data-widget_type=\"rtpolitit-list2.default\">\n\t\t\t\t<div class=\"elementor-widget-container\">\n\t\t\t\t\t\r\n  <div class=\"list2\"> \r\n\t\t<div class=\"list2-inner\">\r\n\t\t  <div class=\"list2-inner1\"><i class=\"icon-check\"><\/i><\/div>\r\n\t\t  <p>Vocea dumneavoastr\u0103 va fi auzit\u0103. Sus\u021bine\u021bi ini\u021biativele care conteaz\u0103 pentru dumneavoastr\u0103.<\/p> \r\n\t\t<\/div>\r\n\t<\/div>   \r\n\t\t\t\t<\/div>\n\t\t\t\t<\/div>\n\t\t\t\t<div class=\"elementor-element elementor-element-79cf35c elementor-widget elementor-widget-rtpolitit-list2\" data-id=\"79cf35c\" data-element_type=\"widget\" data-widget_type=\"rtpolitit-list2.default\">\n\t\t\t\t<div class=\"elementor-widget-container\">\n\t\t\t\t\t\r\n  <div class=\"list2\"> \r\n\t\t<div class=\"list2-inner\">\r\n\t\t  <div class=\"list2-inner1\"><i class=\"icon-check\"><\/i><\/div>\r\n\t\t  <p>Dezvolta\u021bi-v\u0103 \u0219i cre\u0219te\u021bi. Participa\u021bi la proiecte, \u00eenv\u0103\u021ba\u021bi de la lideri \u0219i extinde\u021bi-v\u0103 orizonturile.<\/p> \r\n\t\t<\/div>\r\n\t<\/div>   \r\n\t\t\t\t<\/div>\n\t\t\t\t<\/div>\n\t\t\t\t<div class=\"elementor-element elementor-element-b34236f elementor-widget elementor-widget-rtpolitit-list2\" data-id=\"b34236f\" data-element_type=\"widget\" data-widget_type=\"rtpolitit-list2.default\">\n\t\t\t\t<div class=\"elementor-widget-container\">\n\t\t\t\t\t\r\n  <div class=\"list2\"> \r\n\t\t<div class=\"list2-inner\">\r\n\t\t  <div class=\"list2-inner1\"><i class=\"icon-check\"><\/i><\/div>\r\n\t\t  <p>Face\u021bi parte din echip\u0103. Inspira\u021bi \u0219i ajuta\u021bi-i pe ceilal\u021bi, construind \u00eempreun\u0103 un viitor mai bun.<\/p> \r\n\t\t<\/div>\r\n\t<\/div>   \r\n\t\t\t\t<\/div>\n\t\t\t\t<\/div>\n\t\t\t\t\t<\/div>\n\t\t<\/div>\n\t\t\t\t<div class=\"elementor-column elementor-col-50 elementor-top-column elementor-element elementor-element-99ff7d1\" data-id=\"99ff7d1\" data-element_type=\"column\">\n\t\t\t<div class=\"elementor-widget-wrap elementor-element-populated\">\n\t\t\t\t\t\t<div class=\"elementor-element elementor-element-d94ce42 elementor-widget elementor-widget-image\" data-id=\"d94ce42\" data-element_type=\"widget\" data-widget_type=\"image.default\">\n\t\t\t\t<div class=\"elementor-widget-container\">\n\t\t\t\t\t\t\t\t\t\t\t\t\t\t\t<img fetchpriority=\"high\" decoding=\"async\" width=\"550\" height=\"485\" src=\"https:\/\/moldovamare.md\/wp-content\/uploads\/2025\/05\/2-1.png\" class=\"attachment-large size-large wp-image-4557\" alt=\"\" srcset=\"https:\/\/moldovamare.md\/wp-content\/uploads\/2025\/05\/2-1.png 550w, https:\/\/moldovamare.md\/wp-content\/uploads\/2025\/05\/2-1-300x265.png 300w, https:\/\/moldovamare.md\/wp-content\/uploads\/2025\/05\/2-1-14x12.png 14w, https:\/\/moldovamare.md\/wp-content\/uploads\/2025\/05\/2-1-24x21.png 24w, https:\/\/moldovamare.md\/wp-content\/uploads\/2025\/05\/2-1-36x32.png 36w, https:\/\/moldovamare.md\/wp-content\/uploads\/2025\/05\/2-1-48x42.png 48w\" sizes=\"(max-width: 550px) 100vw, 550px\" \/>\t\t\t\t\t\t\t\t\t\t\t\t\t\t\t<\/div>\n\t\t\t\t<\/div>\n\t\t\t\t\t<\/div>\n\t\t<\/div>\n\t\t\t\t\t<\/div>\n\t\t<\/section>\n\t\t\t\t<section class=\"elementor-section elementor-top-section elementor-element elementor-element-4df82f84 elementor-section-boxed elementor-section-height-default elementor-section-height-default\" data-id=\"4df82f84\" data-element_type=\"section\">\n\t\t\t\t\t\t<div class=\"elementor-container elementor-column-gap-extended\">\n\t\t\t\t\t<div class=\"elementor-column elementor-col-50 elementor-top-column elementor-element elementor-element-2dd50670\" data-id=\"2dd50670\" data-element_type=\"column\">\n\t\t\t<div class=\"elementor-widget-wrap elementor-element-populated\">\n\t\t\t\t\t\t<div class=\"elementor-element elementor-element-6d13c57d elementor-widget elementor-widget-image\" data-id=\"6d13c57d\" data-element_type=\"widget\" data-widget_type=\"image.default\">\n\t\t\t\t<div class=\"elementor-widget-container\">\n\t\t\t\t\t\t\t\t\t\t\t\t\t\t\t<img decoding=\"async\" width=\"580\" height=\"387\" src=\"https:\/\/moldovamare.md\/wp-content\/uploads\/2025\/05\/IMG_1577-scaled-1.jpg\" class=\"attachment-large size-large wp-image-4077\" alt=\"\" srcset=\"https:\/\/moldovamare.md\/wp-content\/uploads\/2025\/05\/IMG_1577-scaled-1.jpg 723w, https:\/\/moldovamare.md\/wp-content\/uploads\/2025\/05\/IMG_1577-scaled-1-300x200.jpg 300w, https:\/\/moldovamare.md\/wp-content\/uploads\/2025\/05\/IMG_1577-scaled-1-24x16.jpg 24w, https:\/\/moldovamare.md\/wp-content\/uploads\/2025\/05\/IMG_1577-scaled-1-36x24.jpg 36w, https:\/\/moldovamare.md\/wp-content\/uploads\/2025\/05\/IMG_1577-scaled-1-48x32.jpg 48w\" sizes=\"(max-width: 580px) 100vw, 580px\" \/>\t\t\t\t\t\t\t\t\t\t\t\t\t\t\t<\/div>\n\t\t\t\t<\/div>\n\t\t\t\t\t<\/div>\n\t\t<\/div>\n\t\t\t\t<div class=\"elementor-column elementor-col-50 elementor-top-column elementor-element elementor-element-7a6a17ea\" data-id=\"7a6a17ea\" data-element_type=\"column\">\n\t\t\t<div class=\"elementor-widget-wrap elementor-element-populated\">\n\t\t\t\t\t\t<div class=\"elementor-element elementor-element-430745d elementor-widget elementor-widget-text-editor\" data-id=\"430745d\" data-element_type=\"widget\" data-widget_type=\"text-editor.default\">\n\t\t\t\t<div class=\"elementor-widget-container\">\n\t\t\t\t\t\t\t\t\t<p>Fiecare dintre noi poate contribui la binele comun. Al\u0103tura\u021bi-v\u0103 mi\u0219c\u0103rii pentru a construi \u00eempreun\u0103 o Moldov\u0103 puternic\u0103 \u0219i echitabil\u0103.<\/p>\t\t\t\t\t\t\t\t<\/div>\n\t\t\t\t<\/div>\n\t\t\t\t<div class=\"elementor-element elementor-element-7ce8313f elementor-widget elementor-widget-text-editor\" data-id=\"7ce8313f\" data-element_type=\"widget\" data-widget_type=\"text-editor.default\">\n\t\t\t\t<div class=\"elementor-widget-container\">\n\t\t\t\t\t\t\t\t\t<p>\n<div class=\"wpcf7 no-js\" id=\"wpcf7-f3816-o1\" lang=\"en-US\" dir=\"ltr\" data-wpcf7-id=\"3816\">\n<div class=\"screen-reader-response\"><p role=\"status\" aria-live=\"polite\" aria-atomic=\"true\"><\/p> <ul><\/ul><\/div>\n<form action=\"\/md\/wp-json\/wp\/v2\/pages\/1408#wpcf7-f3816-o1\" method=\"post\" class=\"wpcf7-form init\" aria-label=\"Contact form\" novalidate=\"novalidate\" data-status=\"init\" data-trp-original-action=\"\/md\/wp-json\/wp\/v2\/pages\/1408#wpcf7-f3816-o1\">\n<div style=\"display: none;\">\n<input type=\"hidden\" name=\"_wpcf7\" value=\"3816\" \/>\n<input type=\"hidden\" name=\"_wpcf7_version\" value=\"6.0.6\" \/>\n<input type=\"hidden\" name=\"_wpcf7_locale\" value=\"en_US\" \/>\n<input type=\"hidden\" name=\"_wpcf7_unit_tag\" value=\"wpcf7-f3816-o1\" \/>\n<input type=\"hidden\" name=\"_wpcf7_container_post\" value=\"0\" \/>\n<input type=\"hidden\" name=\"_wpcf7_posted_data_hash\" value=\"\" \/>\n<\/div>\n<div class=\"row contact-form-1\">\n\t<div class=\"col-md-6 p-0 pe-md-3\">\n\t\t<p><label>Nume <span class=\"required\">*<\/span> <\/label><br \/>\n<span class=\"wpcf7-form-control-wrap\" data-name=\"your-name\"><input size=\"40\" maxlength=\"400\" class=\"wpcf7-form-control wpcf7-text wpcf7-validates-as-required\" aria-required=\"true\" aria-invalid=\"false\" placeholder=\"Numele dvs.\" value=\"\" type=\"text\" name=\"your-name\" \/><\/span>\n\t\t<\/p>\n\t<\/div>\n\t<div class=\"col-md-6 p-0 ps-md-2\">\n\t\t<p><label>Prenume<\/label><br \/>\n<span class=\"wpcf7-form-control-wrap\" data-name=\"your-surname\"><input size=\"40\" maxlength=\"400\" class=\"wpcf7-form-control wpcf7-text\" aria-invalid=\"false\" placeholder=\"Prenumele\" value=\"\" type=\"text\" name=\"your-surname\" \/><\/span>\n\t\t<\/p>\n\t<\/div>\n\t<div class=\"col-md-6 p-0 pe-md-3\">\n\t\t<p><label>Telefon <span class=\"required\">*<\/span> <\/label><br \/>\n<span class=\"wpcf7-form-control-wrap\" data-name=\"your-phone\"><input size=\"40\" maxlength=\"400\" class=\"wpcf7-form-control wpcf7-text wpcf7-validates-as-required\" aria-required=\"true\" aria-invalid=\"false\" placeholder=\"Nr. de telefon\" value=\"\" type=\"text\" name=\"your-phone\" \/><\/span>\n\t\t<\/p>\n\t<\/div>\n\t<div class=\"col-md-6 p-0 ps-md-2\">\n\t\t<p><label>E-mail <span class=\"required\">*<\/span> <\/label><br \/>\n<span class=\"wpcf7-form-control-wrap\" data-name=\"your-email\"><input size=\"40\" maxlength=\"400\" class=\"wpcf7-form-control wpcf7-text wpcf7-validates-as-required\" aria-required=\"true\" aria-invalid=\"false\" placeholder=\"E-mail\" value=\"\" type=\"text\" name=\"your-email\" \/><\/span>\n\t\t<\/p>\n\t<\/div>\n\t<div class=\"col-sm-12 p-0 pt-1 mb-1\">\n\t\t<p><label> Mesajul t\u0103u<br \/>\n<span class=\"wpcf7-form-control-wrap\" data-name=\"your-message\"><textarea cols=\"40\" rows=\"10\" maxlength=\"2000\" class=\"wpcf7-form-control wpcf7-textarea\" aria-invalid=\"false\" name=\"your-message\"><\/textarea><\/span> <\/label>\n\t\t<\/p>\n\t<\/div>\n\t<div class=\"col-sm-12 p-0 pt-1 mb-1\">\n\t\t<p><input class=\"wpcf7-form-control wpcf7-submit has-spinner\" type=\"submit\" value=\"Al\u0103tura\u021bi-v\u0103\" \/>\n\t\t<\/p>\n\t<\/div>\n\t<p><span class=\"wpcf7-form-control-wrap\" data-name=\"acceptance-667\"><span class=\"wpcf7-form-control wpcf7-acceptance\"><span class=\"wpcf7-list-item\"><label><input type=\"checkbox\" name=\"acceptance-667\" value=\"1\" aria-invalid=\"false\" \/><span class=\"wpcf7-list-item-label\"><strong>Consim\u021b\u0103m\u00e2nt privind prelucrarea datelor cu caracter personal<\/strong> <br>Subsemnatul(a), confirm\u00e2nd c\u0103 am luat cuno\u0219tin\u021b\u0103 \u0219i sunt informat(\u0103), \u00eemi exprim consim\u021b\u0103m\u00e2ntul fa\u021b\u0103 de partidul politic pentru colectarea, stocarea, prelucrarea \u0219i utilizarea datelor mele cu caracter personal furnizate prin acest formular, \u00een conformitate cu Legea nr. 133 din 08.07.2011 \u201ePrivind protec\u021bia datelor cu caracter personal\u201d a Republicii Moldova.\nDatele mele vor fi utilizate exclusiv \u00een scopul examin\u0103rii cererii mele de aderare la partid, precum \u0219i pentru contactarea mea \u00een leg\u0103tur\u0103 cu aspecte legate de calitatea de membru, participarea la evenimente \u0219i alte activit\u0103\u021bi ale partidului.\nSunt informat(\u0103) c\u0103 am dreptul de acces la datele mele personale, de rectificare, blocare sau \u0219tergere a acestora, precum \u0219i dreptul de a retrage acest consim\u021b\u0103m\u00e2nt \u00een orice moment, printr-o notificare scris\u0103.<\/span><\/label><\/span><\/span><\/span>\n\t<\/p>\n<\/div><div class=\"wpcf7-response-output\" aria-hidden=\"true\"><\/div>\n<input type=\"hidden\" name=\"trp-form-language\" value=\"md\"\/><\/form>\n<\/div>\n<\/p>\t\t\t\t\t\t\t\t<\/div>\n\t\t\t\t<\/div>\n\t\t\t\t\t<\/div>\n\t\t<\/div>\n\t\t\t\t\t<\/div>\n\t\t<\/section>\n\t\t\t\t<\/div>","protected":false},"excerpt":{"rendered":"<p>\u0421\u0442\u0430\u043d\u044c\u0442\u0435 \u0447\u0430\u0441\u0442\u044c\u044e \u043f\u0435\u0440\u0435\u043c\u0435\u043d, \u043a\u043e\u0442\u043e\u0440\u044b\u0435 \u043c\u044b \u0441\u043e\u0437\u0434\u0430\u0451\u043c \u0432\u043c\u0435\u0441\u0442\u0435. \u041f\u043e\u0447\u0435\u043c\u0443 \u0441\u0442\u043e\u0438\u0442 \u043f\u0440\u0438\u0441\u043e\u0435\u0434\u0438\u043d\u0438\u0442\u044c\u0441\u044f: \u0412\u0430\u0448 \u0433\u043e\u043b\u043e\u0441 \u0431\u0443\u0434\u0435\u0442 \u0443\u0441\u043b\u044b\u0448\u0430\u043d. \u041f\u043e\u0434\u0434\u0435\u0440\u0436\u0438\u0432\u0430\u0439\u0442\u0435 \u0438\u043d\u0438\u0446\u0438\u0430\u0442\u0438\u0432\u044b, \u043a\u043e\u0442\u043e\u0440\u044b\u0435 \u0432\u0430\u0436\u043d\u044b \u0438\u043c\u0435\u043d\u043d\u043e \u0432\u0430\u043c. \u0420\u0430\u0437\u0432\u0438\u0432\u0430\u0439\u0442\u0435\u0441\u044c \u0438 \u0440\u0430\u0441\u0442\u0438\u0442\u0435. \u0423\u0447\u0430\u0441\u0442\u0432\u0443\u0439\u0442\u0435 \u0432 \u043f\u0440\u043e\u0435\u043a\u0442\u0430\u0445, \u043e\u0431\u0443\u0447\u0430\u0439\u0442\u0435\u0441\u044c \u0443 \u043b\u0438\u0434\u0435\u0440\u043e\u0432 \u0438 [&hellip;]<\/p>","protected":false},"author":1,"featured_media":0,"parent":0,"menu_order":0,"comment_status":"closed","ping_status":"closed","template":"templates\/page-full-title.php","meta":{"footnotes":""},"class_list":["post-1408","page","type-page","status-publish","hentry"],"yoast_head":"<!-- This site is optimized with the Yoast SEO plugin v25.3.1 - https:\/\/yoast.com\/wordpress\/plugins\/seo\/ -->\n<title>\u041f\u0440\u0438\u0441\u043e\u0435\u0434\u0438\u043d\u0438\u0442\u044c\u0441\u044f - Moldova Mare<\/title>\n<meta name=\"robots\" content=\"index, follow, max-snippet:-1, max-image-preview:large, max-video-preview:-1\" \/>\n<link rel=\"canonical\" href=\"https:\/\/moldovamare.md\/md\/alaturati-va\/\" \/>\n<meta property=\"og:locale\" content=\"ro_RO\" \/>\n<meta property=\"og:type\" content=\"article\" \/>\n<meta property=\"og:title\" content=\"\u041f\u0440\u0438\u0441\u043e\u0435\u0434\u0438\u043d\u0438\u0442\u044c\u0441\u044f - Moldova Mare\" \/>\n<meta property=\"og:description\" content=\"\u0421\u0442\u0430\u043d\u044c\u0442\u0435 \u0447\u0430\u0441\u0442\u044c\u044e \u043f\u0435\u0440\u0435\u043c\u0435\u043d, \u043a\u043e\u0442\u043e\u0440\u044b\u0435 \u043c\u044b \u0441\u043e\u0437\u0434\u0430\u0451\u043c \u0432\u043c\u0435\u0441\u0442\u0435. \u041f\u043e\u0447\u0435\u043c\u0443 \u0441\u0442\u043e\u0438\u0442 \u043f\u0440\u0438\u0441\u043e\u0435\u0434\u0438\u043d\u0438\u0442\u044c\u0441\u044f: \u0412\u0430\u0448 \u0433\u043e\u043b\u043e\u0441 \u0431\u0443\u0434\u0435\u0442 \u0443\u0441\u043b\u044b\u0448\u0430\u043d. \u041f\u043e\u0434\u0434\u0435\u0440\u0436\u0438\u0432\u0430\u0439\u0442\u0435 \u0438\u043d\u0438\u0446\u0438\u0430\u0442\u0438\u0432\u044b, \u043a\u043e\u0442\u043e\u0440\u044b\u0435 \u0432\u0430\u0436\u043d\u044b \u0438\u043c\u0435\u043d\u043d\u043e \u0432\u0430\u043c. \u0420\u0430\u0437\u0432\u0438\u0432\u0430\u0439\u0442\u0435\u0441\u044c \u0438 \u0440\u0430\u0441\u0442\u0438\u0442\u0435. \u0423\u0447\u0430\u0441\u0442\u0432\u0443\u0439\u0442\u0435 \u0432 \u043f\u0440\u043e\u0435\u043a\u0442\u0430\u0445, \u043e\u0431\u0443\u0447\u0430\u0439\u0442\u0435\u0441\u044c \u0443 \u043b\u0438\u0434\u0435\u0440\u043e\u0432 \u0438 [&hellip;]\" \/>\n<meta property=\"og:url\" content=\"https:\/\/moldovamare.md\/md\/alaturati-va\/\" \/>\n<meta property=\"og:site_name\" content=\"Moldova Mare\" \/>\n<meta property=\"article:modified_time\" content=\"2025-05-13T16:17:57+00:00\" \/>\n<meta property=\"og:image\" content=\"https:\/\/moldovamare.md\/wp-content\/uploads\/2025\/05\/2-1.png\" \/>\n\t<meta property=\"og:image:width\" content=\"550\" \/>\n\t<meta property=\"og:image:height\" content=\"485\" \/>\n\t<meta property=\"og:image:type\" content=\"image\/png\" \/>\n<meta name=\"twitter:card\" content=\"summary_large_image\" \/>\n<script type=\"application\/ld+json\" class=\"yoast-schema-graph\">{\"@context\":\"https:\/\/schema.org\",\"@graph\":[{\"@type\":\"WebPage\",\"@id\":\"https:\/\/moldovamare.md\/alaturati-va\/\",\"url\":\"https:\/\/moldovamare.md\/alaturati-va\/\",\"name\":\"\u041f\u0440\u0438\u0441\u043e\u0435\u0434\u0438\u043d\u0438\u0442\u044c\u0441\u044f - Moldova Mare\",\"isPartOf\":{\"@id\":\"https:\/\/moldovamare.md\/#website\"},\"primaryImageOfPage\":{\"@id\":\"https:\/\/moldovamare.md\/alaturati-va\/#primaryimage\"},\"image\":{\"@id\":\"https:\/\/moldovamare.md\/alaturati-va\/#primaryimage\"},\"thumbnailUrl\":\"https:\/\/moldovamare.md\/wp-content\/uploads\/2025\/05\/2-1.png\",\"datePublished\":\"2023-04-20T19:01:34+00:00\",\"dateModified\":\"2025-05-13T16:17:57+00:00\",\"breadcrumb\":{\"@id\":\"https:\/\/moldovamare.md\/alaturati-va\/#breadcrumb\"},\"inLanguage\":\"ro-RO\",\"potentialAction\":[{\"@type\":\"ReadAction\",\"target\":[\"https:\/\/moldovamare.md\/alaturati-va\/\"]}]},{\"@type\":\"ImageObject\",\"inLanguage\":\"ro-RO\",\"@id\":\"https:\/\/moldovamare.md\/alaturati-va\/#primaryimage\",\"url\":\"https:\/\/moldovamare.md\/wp-content\/uploads\/2025\/05\/2-1.png\",\"contentUrl\":\"https:\/\/moldovamare.md\/wp-content\/uploads\/2025\/05\/2-1.png\"},{\"@type\":\"BreadcrumbList\",\"@id\":\"https:\/\/moldovamare.md\/alaturati-va\/#breadcrumb\",\"itemListElement\":[{\"@type\":\"ListItem\",\"position\":1,\"name\":\"Prima pagin\u0103\",\"item\":\"https:\/\/moldovamare.md\/md\/\"},{\"@type\":\"ListItem\",\"position\":2,\"name\":\"\u041f\u0440\u0438\u0441\u043e\u0435\u0434\u0438\u043d\u0438\u0442\u044c\u0441\u044f\"}]},{\"@type\":\"WebSite\",\"@id\":\"https:\/\/moldovamare.md\/#website\",\"url\":\"https:\/\/moldovamare.md\/\",\"name\":\"Moldova Mare\",\"description\":\"\",\"publisher\":{\"@id\":\"https:\/\/moldovamare.md\/#organization\"},\"potentialAction\":[{\"@type\":\"SearchAction\",\"target\":{\"@type\":\"EntryPoint\",\"urlTemplate\":\"https:\/\/moldovamare.md\/?s={search_term_string}\"},\"query-input\":{\"@type\":\"PropertyValueSpecification\",\"valueRequired\":true,\"valueName\":\"search_term_string\"}}],\"inLanguage\":\"ro-RO\"},{\"@type\":\"Organization\",\"@id\":\"https:\/\/moldovamare.md\/#organization\",\"name\":\"Moldova Mare\",\"url\":\"https:\/\/moldovamare.md\/\",\"logo\":{\"@type\":\"ImageObject\",\"inLanguage\":\"ro-RO\",\"@id\":\"https:\/\/moldovamare.md\/#\/schema\/logo\/image\/\",\"url\":\"\",\"contentUrl\":\"\",\"caption\":\"Moldova Mare\"},\"image\":{\"@id\":\"https:\/\/moldovamare.md\/#\/schema\/logo\/image\/\"}}]}<\/script>\n<!-- \/ Yoast SEO plugin. -->","yoast_head_json":{"title":"\u041f\u0440\u0438\u0441\u043e\u0435\u0434\u0438\u043d\u0438\u0442\u044c\u0441\u044f - Moldova Mare","robots":{"index":"index","follow":"follow","max-snippet":"max-snippet:-1","max-image-preview":"max-image-preview:large","max-video-preview":"max-video-preview:-1"},"canonical":"https:\/\/moldovamare.md\/md\/alaturati-va\/","og_locale":"ro_RO","og_type":"article","og_title":"\u041f\u0440\u0438\u0441\u043e\u0435\u0434\u0438\u043d\u0438\u0442\u044c\u0441\u044f - Moldova Mare","og_description":"\u0421\u0442\u0430\u043d\u044c\u0442\u0435 \u0447\u0430\u0441\u0442\u044c\u044e \u043f\u0435\u0440\u0435\u043c\u0435\u043d, \u043a\u043e\u0442\u043e\u0440\u044b\u0435 \u043c\u044b \u0441\u043e\u0437\u0434\u0430\u0451\u043c \u0432\u043c\u0435\u0441\u0442\u0435. \u041f\u043e\u0447\u0435\u043c\u0443 \u0441\u0442\u043e\u0438\u0442 \u043f\u0440\u0438\u0441\u043e\u0435\u0434\u0438\u043d\u0438\u0442\u044c\u0441\u044f: \u0412\u0430\u0448 \u0433\u043e\u043b\u043e\u0441 \u0431\u0443\u0434\u0435\u0442 \u0443\u0441\u043b\u044b\u0448\u0430\u043d. \u041f\u043e\u0434\u0434\u0435\u0440\u0436\u0438\u0432\u0430\u0439\u0442\u0435 \u0438\u043d\u0438\u0446\u0438\u0430\u0442\u0438\u0432\u044b, \u043a\u043e\u0442\u043e\u0440\u044b\u0435 \u0432\u0430\u0436\u043d\u044b \u0438\u043c\u0435\u043d\u043d\u043e \u0432\u0430\u043c. \u0420\u0430\u0437\u0432\u0438\u0432\u0430\u0439\u0442\u0435\u0441\u044c \u0438 \u0440\u0430\u0441\u0442\u0438\u0442\u0435. \u0423\u0447\u0430\u0441\u0442\u0432\u0443\u0439\u0442\u0435 \u0432 \u043f\u0440\u043e\u0435\u043a\u0442\u0430\u0445, \u043e\u0431\u0443\u0447\u0430\u0439\u0442\u0435\u0441\u044c \u0443 \u043b\u0438\u0434\u0435\u0440\u043e\u0432 \u0438 [&hellip;]","og_url":"https:\/\/moldovamare.md\/md\/alaturati-va\/","og_site_name":"Moldova Mare","article_modified_time":"2025-05-13T16:17:57+00:00","og_image":[{"width":550,"height":485,"url":"https:\/\/moldovamare.md\/wp-content\/uploads\/2025\/05\/2-1.png","type":"image\/png"}],"twitter_card":"summary_large_image","schema":{"@context":"https:\/\/schema.org","@graph":[{"@type":"WebPage","@id":"https:\/\/moldovamare.md\/alaturati-va\/","url":"https:\/\/moldovamare.md\/alaturati-va\/","name":"\u041f\u0440\u0438\u0441\u043e\u0435\u0434\u0438\u043d\u0438\u0442\u044c\u0441\u044f - Moldova Mare","isPartOf":{"@id":"https:\/\/moldovamare.md\/#website"},"primaryImageOfPage":{"@id":"https:\/\/moldovamare.md\/alaturati-va\/#primaryimage"},"image":{"@id":"https:\/\/moldovamare.md\/alaturati-va\/#primaryimage"},"thumbnailUrl":"https:\/\/moldovamare.md\/wp-content\/uploads\/2025\/05\/2-1.png","datePublished":"2023-04-20T19:01:34+00:00","dateModified":"2025-05-13T16:17:57+00:00","breadcrumb":{"@id":"https:\/\/moldovamare.md\/alaturati-va\/#breadcrumb"},"inLanguage":"ro-RO","potentialAction":[{"@type":"ReadAction","target":["https:\/\/moldovamare.md\/alaturati-va\/"]}]},{"@type":"ImageObject","inLanguage":"ro-RO","@id":"https:\/\/moldovamare.md\/alaturati-va\/#primaryimage","url":"https:\/\/moldovamare.md\/wp-content\/uploads\/2025\/05\/2-1.png","contentUrl":"https:\/\/moldovamare.md\/wp-content\/uploads\/2025\/05\/2-1.png"},{"@type":"BreadcrumbList","@id":"https:\/\/moldovamare.md\/alaturati-va\/#breadcrumb","itemListElement":[{"@type":"ListItem","position":1,"name":"Prima pagin\u0103","item":"https:\/\/moldovamare.md\/md\/"},{"@type":"ListItem","position":2,"name":"\u041f\u0440\u0438\u0441\u043e\u0435\u0434\u0438\u043d\u0438\u0442\u044c\u0441\u044f"}]},{"@type":"WebSite","@id":"https:\/\/moldovamare.md\/#website","url":"https:\/\/moldovamare.md\/","name":"Moldova Mare","description":"","publisher":{"@id":"https:\/\/moldovamare.md\/#organization"},"potentialAction":[{"@type":"SearchAction","target":{"@type":"EntryPoint","urlTemplate":"https:\/\/moldovamare.md\/?s={search_term_string}"},"query-input":{"@type":"PropertyValueSpecification","valueRequired":true,"valueName":"search_term_string"}}],"inLanguage":"ro-RO"},{"@type":"Organization","@id":"https:\/\/moldovamare.md\/#organization","name":"Moldova Mare","url":"https:\/\/moldovamare.md\/","logo":{"@type":"ImageObject","inLanguage":"ro-RO","@id":"https:\/\/moldovamare.md\/#\/schema\/logo\/image\/","url":"","contentUrl":"","caption":"Moldova Mare"},"image":{"@id":"https:\/\/moldovamare.md\/#\/schema\/logo\/image\/"}}]}},"_links":{"self":[{"href":"https:\/\/moldovamare.md\/md\/wp-json\/wp\/v2\/pages\/1408","targetHints":{"allow":["GET"]}}],"collection":[{"href":"https:\/\/moldovamare.md\/md\/wp-json\/wp\/v2\/pages"}],"about":[{"href":"https:\/\/moldovamare.md\/md\/wp-json\/wp\/v2\/types\/page"}],"author":[{"embeddable":true,"href":"https:\/\/moldovamare.md\/md\/wp-json\/wp\/v2\/users\/1"}],"replies":[{"embeddable":true,"href":"https:\/\/moldovamare.md\/md\/wp-json\/wp\/v2\/comments?post=1408"}],"version-history":[{"count":10,"href":"https:\/\/moldovamare.md\/md\/wp-json\/wp\/v2\/pages\/1408\/revisions"}],"predecessor-version":[{"id":4560,"href":"https:\/\/moldovamare.md\/md\/wp-json\/wp\/v2\/pages\/1408\/revisions\/4560"}],"wp:attachment":[{"href":"https:\/\/moldovamare.md\/md\/wp-json\/wp\/v2\/media?parent=1408"}],"curies":[{"name":"wp","href":"https:\/\/api.w.org\/{rel}","templated":true}]}}