{"id":4311,"date":"2025-05-12T14:24:17","date_gmt":"2025-05-12T14:24:17","guid":{"rendered":"https:\/\/moldovamare.md\/?page_id=4311"},"modified":"2025-05-13T10:57:57","modified_gmt":"2025-05-13T10:57:57","slug":"anii-de-razboi-ai-familiei-mele","status":"publish","type":"page","link":"https:\/\/moldovamare.md\/md\/anii-de-razboi-ai-familiei-mele\/","title":{"rendered":"Anii de R\u0103zboi ai Familiei Mele"},"content":{"rendered":"<div data-elementor-type=\"wp-page\" data-elementor-id=\"4311\" class=\"elementor elementor-4311\" data-elementor-post-type=\"page\">\n\t\t\t\t\t\t<section class=\"elementor-section elementor-top-section elementor-element elementor-element-3e58ae1 elementor-section-boxed elementor-section-height-default elementor-section-height-default\" data-id=\"3e58ae1\" data-element_type=\"section\">\n\t\t\t\t\t\t<div class=\"elementor-container elementor-column-gap-extended\">\n\t\t\t\t\t<div class=\"elementor-column elementor-col-50 elementor-top-column elementor-element elementor-element-95d845e\" data-id=\"95d845e\" data-element_type=\"column\">\n\t\t\t<div class=\"elementor-widget-wrap elementor-element-populated\">\n\t\t\t\t\t\t<div class=\"elementor-element elementor-element-ec108c0 elementor-widget elementor-widget-text-editor\" data-id=\"ec108c0\" data-element_type=\"widget\" data-widget_type=\"text-editor.default\">\n\t\t\t\t<div class=\"elementor-widget-container\">\n\t\t\t\t\t\t\t\t\t<h3>Regulamentul Concursului<\/h3>\t\t\t\t\t\t\t\t<\/div>\n\t\t\t\t<\/div>\n\t\t\t\t<div class=\"elementor-element elementor-element-3894e66 elementor-accordion-faq2 elementor-accordion-faq2-white elementor-widget elementor-widget-accordion\" data-id=\"3894e66\" data-element_type=\"widget\" data-widget_type=\"accordion.default\">\n\t\t\t\t<div class=\"elementor-widget-container\">\n\t\t\t\t\t\t\t<div class=\"elementor-accordion\">\n\t\t\t\t\t\t\t<div class=\"elementor-accordion-item\">\n\t\t\t\t\t<div id=\"elementor-tab-title-5931\" class=\"elementor-tab-title\" data-tab=\"1\" role=\"button\" aria-controls=\"elementor-tab-content-5931\" aria-expanded=\"false\">\n\t\t\t\t\t\t\t\t\t\t\t\t\t<span class=\"elementor-accordion-icon elementor-accordion-icon-left\" aria-hidden=\"true\">\n\t\t\t\t\t\t\t\t\t\t\t\t\t\t\t<span class=\"elementor-accordion-icon-closed\"><svg class=\"e-font-icon-svg e-fas-plus\" viewbox=\"0 0 448 512\" xmlns=\"http:\/\/www.w3.org\/2000\/svg\"><path d=\"M416 208H272V64c0-17.67-14.33-32-32-32h-32c-17.67 0-32 14.33-32 32v144H32c-17.67 0-32 14.33-32 32v32c0 17.67 14.33 32 32 32h144v144c0 17.67 14.33 32 32 32h32c17.67 0 32-14.33 32-32V304h144c17.67 0 32-14.33 32-32v-32c0-17.67-14.33-32-32-32z\"><\/path><\/svg><\/span>\n\t\t\t\t\t\t\t\t<span class=\"elementor-accordion-icon-opened\"><svg class=\"e-font-icon-svg e-fas-minus\" viewbox=\"0 0 448 512\" xmlns=\"http:\/\/www.w3.org\/2000\/svg\"><path d=\"M416 208H32c-17.67 0-32 14.33-32 32v32c0 17.67 14.33 32 32 32h384c17.67 0 32-14.33 32-32v-32c0-17.67-14.33-32-32-32z\"><\/path><\/svg><\/span>\n\t\t\t\t\t\t\t\t\t\t\t\t\t\t<\/span>\n\t\t\t\t\t\t\t\t\t\t\t\t<a class=\"elementor-accordion-title\" tabindex=\"0\">I. Dispozi\u021bii generale<\/a>\n\t\t\t\t\t<\/div>\n\t\t\t\t\t<div id=\"elementor-tab-content-5931\" class=\"elementor-tab-content elementor-clearfix\" data-tab=\"1\" role=\"region\" aria-labelledby=\"elementor-tab-title-5931\"><p>Concursul de crea\u021bie \u201eAnii de R\u0103zboi ai Familiei Mele\u201d.<\/p><p>Organizatorul concursului: Partidul Moldova Mare.<\/p><p>Scopul concursului este de a cultiva \u00een r\u00e2ndul popula\u021biei republicii sentimentul de m\u00e2ndrie fa\u021b\u0103 de propria \u021bar\u0103, prin relat\u0103rile despre istoria familiilor lor. Concursul \u00ee\u0219i propune s\u0103 publice pove\u0219ti autentice despre perioada dificil\u0103 a \u021b\u0103rii, relatate de martori direc\u021bi.<\/p><\/div>\n\t\t\t\t<\/div>\n\t\t\t\t\t\t\t<div class=\"elementor-accordion-item\">\n\t\t\t\t\t<div id=\"elementor-tab-title-5932\" class=\"elementor-tab-title\" data-tab=\"2\" role=\"button\" aria-controls=\"elementor-tab-content-5932\" aria-expanded=\"false\">\n\t\t\t\t\t\t\t\t\t\t\t\t\t<span class=\"elementor-accordion-icon elementor-accordion-icon-left\" aria-hidden=\"true\">\n\t\t\t\t\t\t\t\t\t\t\t\t\t\t\t<span class=\"elementor-accordion-icon-closed\"><svg class=\"e-font-icon-svg e-fas-plus\" viewbox=\"0 0 448 512\" xmlns=\"http:\/\/www.w3.org\/2000\/svg\"><path d=\"M416 208H272V64c0-17.67-14.33-32-32-32h-32c-17.67 0-32 14.33-32 32v144H32c-17.67 0-32 14.33-32 32v32c0 17.67 14.33 32 32 32h144v144c0 17.67 14.33 32 32 32h32c17.67 0 32-14.33 32-32V304h144c17.67 0 32-14.33 32-32v-32c0-17.67-14.33-32-32-32z\"><\/path><\/svg><\/span>\n\t\t\t\t\t\t\t\t<span class=\"elementor-accordion-icon-opened\"><svg class=\"e-font-icon-svg e-fas-minus\" viewbox=\"0 0 448 512\" xmlns=\"http:\/\/www.w3.org\/2000\/svg\"><path d=\"M416 208H32c-17.67 0-32 14.33-32 32v32c0 17.67 14.33 32 32 32h384c17.67 0 32-14.33 32-32v-32c0-17.67-14.33-32-32-32z\"><\/path><\/svg><\/span>\n\t\t\t\t\t\t\t\t\t\t\t\t\t\t<\/span>\n\t\t\t\t\t\t\t\t\t\t\t\t<a class=\"elementor-accordion-title\" tabindex=\"0\">II. Condi\u021bii de participare<\/a>\n\t\t\t\t\t<\/div>\n\t\t\t\t\t<div id=\"elementor-tab-content-5932\" class=\"elementor-tab-content elementor-clearfix\" data-tab=\"2\" role=\"region\" aria-labelledby=\"elementor-tab-title-5932\"><p>La concurs pot participa to\u021bi doritorii, indiferent de v\u00e2rst\u0103, care locuiesc \u00een Republica Moldova, inclusiv \u00een regiunea Transnistrean\u0103.<\/p><p>Concursul se desf\u0103\u0219oar\u0103 \u00een patru categorii:<\/p><ul><li><strong>Videoclipuri:<\/strong>Participan\u021bii pot trimite videoclipuri sub form\u0103 de linkuri din orice re\u021bea social\u0103 sau direct la adresa organizatorilor.<\/li><li><strong>Fotografii:<\/strong> Materiale foto care reflect\u0103 perioada istoric\u0103 indicat\u0103, \u00eenso\u021bite de explica\u021bii textuale scurte sau mai detaliate.<\/li><li><strong>Pove\u0219ti text:<\/strong> Relat\u0103ri scrise despre istoria familiei \u00een perioada respectiv\u0103.<\/li><li><strong>Format liber<\/strong> Poezii, c\u00e2ntece, crea\u021bii artistice, inclusiv fotografii animate cu ajutorul inteligen\u021bei artificiale.<\/li><\/ul><p>Data de start a concursului: <strong>13 mai 2025. <\/strong><\/p><p>Termenul limit\u0103 pentru trimiterea lucr\u0103rilor: <strong>13 iulie 2025<\/strong> (inclusiv).<\/p><\/div>\n\t\t\t\t<\/div>\n\t\t\t\t\t\t\t<div class=\"elementor-accordion-item\">\n\t\t\t\t\t<div id=\"elementor-tab-title-5933\" class=\"elementor-tab-title\" data-tab=\"3\" role=\"button\" aria-controls=\"elementor-tab-content-5933\" aria-expanded=\"false\">\n\t\t\t\t\t\t\t\t\t\t\t\t\t<span class=\"elementor-accordion-icon elementor-accordion-icon-left\" aria-hidden=\"true\">\n\t\t\t\t\t\t\t\t\t\t\t\t\t\t\t<span class=\"elementor-accordion-icon-closed\"><svg class=\"e-font-icon-svg e-fas-plus\" viewbox=\"0 0 448 512\" xmlns=\"http:\/\/www.w3.org\/2000\/svg\"><path d=\"M416 208H272V64c0-17.67-14.33-32-32-32h-32c-17.67 0-32 14.33-32 32v144H32c-17.67 0-32 14.33-32 32v32c0 17.67 14.33 32 32 32h144v144c0 17.67 14.33 32 32 32h32c17.67 0 32-14.33 32-32V304h144c17.67 0 32-14.33 32-32v-32c0-17.67-14.33-32-32-32z\"><\/path><\/svg><\/span>\n\t\t\t\t\t\t\t\t<span class=\"elementor-accordion-icon-opened\"><svg class=\"e-font-icon-svg e-fas-minus\" viewbox=\"0 0 448 512\" xmlns=\"http:\/\/www.w3.org\/2000\/svg\"><path d=\"M416 208H32c-17.67 0-32 14.33-32 32v32c0 17.67 14.33 32 32 32h384c17.67 0 32-14.33 32-32v-32c0-17.67-14.33-32-32-32z\"><\/path><\/svg><\/span>\n\t\t\t\t\t\t\t\t\t\t\t\t\t\t<\/span>\n\t\t\t\t\t\t\t\t\t\t\t\t<a class=\"elementor-accordion-title\" tabindex=\"0\">III. Premierea c\u00e2\u0219tig\u0103torilor \u0219i finali\u0219tilor<\/a>\n\t\t\t\t\t<\/div>\n\t\t\t\t\t<div id=\"elementor-tab-content-5933\" class=\"elementor-tab-content elementor-clearfix\" data-tab=\"3\" role=\"region\" aria-labelledby=\"elementor-tab-title-5933\"><p>Criterii de evaluare: respectarea temei concursului, calitatea execu\u021biei \u0219i abordarea creativ\u0103.<\/p><p>Lucr\u0103rile vor fi evaluate de un juriu format din jurnali\u0219ti \u0219i prin votul publicului online.<\/p><p>Anun\u021barea c\u00e2\u0219tig\u0103torilor \u0219i finali\u0219tilor concursului va avea loc pe <strong>26 iulie 2025,<\/strong> \u00een grupul dedicat \u0219i prin e-mail la adresa <strong><a href=\"mailto:media@moldovamare.md\">media@moldovamare.md<\/a><\/strong><\/p><p>C\u00e2\u0219tig\u0103torii \u0219i finali\u0219tii vor primi premii valoroase.<\/p><p><strong>Not\u0103:<\/strong><br \/><em>Prin \u00eenscrierea \u00een concurs, participan\u021bii \u00ee\u0219i exprim\u0103 acordul ca fotografiile \u0219i videoclipurile lor s\u0103 fie publicate online.<\/em><br \/><em>De asemenea, ace\u0219tia \u00ee\u0219i dau consim\u021b\u0103m\u00e2ntul pentru prelucrarea datelor personale \u00een scopul organiz\u0103rii concursului, pe durata desf\u0103\u0219ur\u0103rii acestuia.<\/em><\/p><\/div>\n\t\t\t\t<\/div>\n\t\t\t\t\t\t\t<div class=\"elementor-accordion-item\">\n\t\t\t\t\t<div id=\"elementor-tab-title-5934\" class=\"elementor-tab-title\" data-tab=\"4\" role=\"button\" aria-controls=\"elementor-tab-content-5934\" aria-expanded=\"false\">\n\t\t\t\t\t\t\t\t\t\t\t\t\t<span class=\"elementor-accordion-icon elementor-accordion-icon-left\" aria-hidden=\"true\">\n\t\t\t\t\t\t\t\t\t\t\t\t\t\t\t<span class=\"elementor-accordion-icon-closed\"><svg class=\"e-font-icon-svg e-fas-plus\" viewbox=\"0 0 448 512\" xmlns=\"http:\/\/www.w3.org\/2000\/svg\"><path d=\"M416 208H272V64c0-17.67-14.33-32-32-32h-32c-17.67 0-32 14.33-32 32v144H32c-17.67 0-32 14.33-32 32v32c0 17.67 14.33 32 32 32h144v144c0 17.67 14.33 32 32 32h32c17.67 0 32-14.33 32-32V304h144c17.67 0 32-14.33 32-32v-32c0-17.67-14.33-32-32-32z\"><\/path><\/svg><\/span>\n\t\t\t\t\t\t\t\t<span class=\"elementor-accordion-icon-opened\"><svg class=\"e-font-icon-svg e-fas-minus\" viewbox=\"0 0 448 512\" xmlns=\"http:\/\/www.w3.org\/2000\/svg\"><path d=\"M416 208H32c-17.67 0-32 14.33-32 32v32c0 17.67 14.33 32 32 32h384c17.67 0 32-14.33 32-32v-32c0-17.67-14.33-32-32-32z\"><\/path><\/svg><\/span>\n\t\t\t\t\t\t\t\t\t\t\t\t\t\t<\/span>\n\t\t\t\t\t\t\t\t\t\t\t\t<a class=\"elementor-accordion-title\" tabindex=\"0\">IV. \u00censcrierea \u00een concurs <\/a>\n\t\t\t\t\t<\/div>\n\t\t\t\t\t<div id=\"elementor-tab-content-5934\" class=\"elementor-tab-content elementor-clearfix\" data-tab=\"4\" role=\"region\" aria-labelledby=\"elementor-tab-title-5934\"><p>\u00censcrierile, \u00eempreun\u0103 cu fotografiile \u0219i linkurile c\u0103tre videoclipuri, se trimit la adresa de e-mail: <strong><a href=\"mailto:media@moldovamare.md\">media@moldovamare.md<\/a><\/strong><\/p><p>Comunicarea cu participan\u021bii se face doar prin adresele specificate \u00een regulament \u0219i prin cele dou\u0103 pagini oficiale ale concursului \u00een re\u021belele sociale, folosind hashtagul #AniDeR\u0103zboi.<\/p><p><strong> Este obligatorie utilizarea hashtagului pentru toate lucr\u0103rile publicate pe re\u021belele sociale.<\/strong><\/p><\/div>\n\t\t\t\t<\/div>\n\t\t\t\t\t\t\t\t<\/div>\n\t\t\t\t\t\t<\/div>\n\t\t\t\t<\/div>\n\t\t\t\t\t<\/div>\n\t\t<\/div>\n\t\t\t\t<div class=\"elementor-column elementor-col-50 elementor-top-column elementor-element elementor-element-9bfa0c4\" data-id=\"9bfa0c4\" data-element_type=\"column\" data-settings=\"{&quot;background_background&quot;:&quot;classic&quot;}\">\n\t\t\t<div class=\"elementor-widget-wrap elementor-element-populated\">\n\t\t\t\t\t\t<section class=\"elementor-section elementor-inner-section elementor-element elementor-element-d23f269 elementor-section-boxed elementor-section-height-default elementor-section-height-default\" data-id=\"d23f269\" data-element_type=\"section\">\n\t\t\t\t\t\t<div class=\"elementor-container elementor-column-gap-default\">\n\t\t\t\t\t<div class=\"elementor-column elementor-col-100 elementor-inner-column elementor-element elementor-element-99298b6\" data-id=\"99298b6\" data-element_type=\"column\" data-settings=\"{&quot;background_background&quot;:&quot;classic&quot;}\">\n\t\t\t<div class=\"elementor-widget-wrap elementor-element-populated\">\n\t\t\t\t\t\t<div class=\"elementor-element elementor-element-92c4472 elementor-widget elementor-widget-text-editor\" data-id=\"92c4472\" data-element_type=\"widget\" data-widget_type=\"text-editor.default\">\n\t\t\t\t<div class=\"elementor-widget-container\">\n\t\t\t\t\t\t\t\t\t<h4>Anii de R\u0103zboi ai Familiei Mele<\/h4>\t\t\t\t\t\t\t\t<\/div>\n\t\t\t\t<\/div>\n\t\t\t\t<div class=\"elementor-element elementor-element-6d04aff elementor-widget elementor-widget-text-editor\" data-id=\"6d04aff\" data-element_type=\"widget\" data-widget_type=\"text-editor.default\">\n\t\t\t\t<div class=\"elementor-widget-container\">\n\t\t\t\t\t\t\t\t\t<p>\u00censcrierile, \u00eempreun\u0103 cu fotografiile \u0219i linkurile c\u0103tre videoclipuri, se trimit la adresa de e-mail:<\/p><p><strong><a href=\"mailto:media@moldovamare.md\">media@moldovamare.md<\/a><\/strong><\/p><p>Termenul limit\u0103 pentru trimiterea lucr\u0103rilor: <strong>13 iulie 2025<\/strong> (inclusiv).<\/p>\t\t\t\t\t\t\t\t<\/div>\n\t\t\t\t<\/div>\n\t\t\t\t\t<\/div>\n\t\t<\/div>\n\t\t\t\t\t<\/div>\n\t\t<\/section>\n\t\t\t\t\t<\/div>\n\t\t<\/div>\n\t\t\t\t\t<\/div>\n\t\t<\/section>\n\t\t\t\t<\/div>","protected":false},"excerpt":{"rendered":"<p>\u041f\u043e\u043b\u043e\u0436\u0435\u043d\u0438\u0435 \u043e \u043a\u043e\u043d\u043a\u0443\u0440\u0441\u0435 I. \u041e\u0431\u0449\u0438\u0435 \u041f\u043e\u043b\u043e\u0436\u0435\u043d\u0438\u044f 1. \u041a\u043e\u043d\u043a\u0443\u0440\u0441 \u0440\u0430\u0431\u043e\u0442 \u00ab\u0412\u043e\u0435\u043d\u043d\u044b\u0435 \u0433\u043e\u0434\u044b \u043c\u043e\u0435\u0439 \u0441\u0435\u043c\u044c\u0438\u00bb 2. \u041e\u0440\u0433\u0430\u043d\u0438\u0437\u0430\u0442\u043e\u0440 \u043a\u043e\u043d\u043a\u0443\u0440\u0441\u0430 \u043f\u0430\u0440\u0442\u0438\u044f \u00ab\u041c\u043e\u043b\u0434\u043e\u0432\u0430 \u041c\u0430\u0440\u0435\u00bb 3. \u0426\u0435\u043b\u044c \u043a\u043e\u043d\u043a\u0443\u0440\u0441\u0430 \u2013 \u0432\u043e\u0441\u043f\u0438\u0442\u0430\u043d\u0438\u0435 \u0443 \u043d\u0430\u0441\u0435\u043b\u0435\u043d\u0438\u044f \u0440\u0435\u0441\u043f\u0443\u0431\u043b\u0438\u043a\u0438 \u0447\u0443\u0432\u0441\u0442\u0432\u0430 \u0433\u043e\u0440\u0434\u043e\u0441\u0442\u0438 \u0437\u0430 [&hellip;]<\/p>","protected":false},"author":1,"featured_media":0,"parent":0,"menu_order":0,"comment_status":"closed","ping_status":"closed","template":"templates\/page-full-title.php","meta":{"footnotes":""},"class_list":["post-4311","page","type-page","status-publish","hentry"],"yoast_head":"<!-- This site is optimized with the Yoast SEO plugin v25.3.1 - https:\/\/yoast.com\/wordpress\/plugins\/seo\/ -->\n<title>\u0412\u043e\u0435\u043d\u043d\u044b\u0435 \u0433\u043e\u0434\u044b \u043c\u043e\u0435\u0439 \u0441\u0435\u043c\u044c\u0438 - Moldova Mare<\/title>\n<meta name=\"robots\" content=\"index, follow, max-snippet:-1, max-image-preview:large, max-video-preview:-1\" \/>\n<link rel=\"canonical\" href=\"https:\/\/moldovamare.md\/md\/ro\/anii-de-razboi-ai-familiei-mele\/\" \/>\n<meta property=\"og:locale\" content=\"ro_RO\" \/>\n<meta property=\"og:type\" content=\"article\" \/>\n<meta property=\"og:title\" content=\"\u0412\u043e\u0435\u043d\u043d\u044b\u0435 \u0433\u043e\u0434\u044b \u043c\u043e\u0435\u0439 \u0441\u0435\u043c\u044c\u0438 - Moldova Mare\" \/>\n<meta property=\"og:description\" content=\"\u041f\u043e\u043b\u043e\u0436\u0435\u043d\u0438\u0435 \u043e \u043a\u043e\u043d\u043a\u0443\u0440\u0441\u0435 I. \u041e\u0431\u0449\u0438\u0435 \u041f\u043e\u043b\u043e\u0436\u0435\u043d\u0438\u044f 1. \u041a\u043e\u043d\u043a\u0443\u0440\u0441 \u0440\u0430\u0431\u043e\u0442 \u00ab\u0412\u043e\u0435\u043d\u043d\u044b\u0435 \u0433\u043e\u0434\u044b \u043c\u043e\u0435\u0439 \u0441\u0435\u043c\u044c\u0438\u00bb 2. \u041e\u0440\u0433\u0430\u043d\u0438\u0437\u0430\u0442\u043e\u0440 \u043a\u043e\u043d\u043a\u0443\u0440\u0441\u0430 \u043f\u0430\u0440\u0442\u0438\u044f \u00ab\u041c\u043e\u043b\u0434\u043e\u0432\u0430 \u041c\u0430\u0440\u0435\u00bb 3. \u0426\u0435\u043b\u044c \u043a\u043e\u043d\u043a\u0443\u0440\u0441\u0430 \u2013 \u0432\u043e\u0441\u043f\u0438\u0442\u0430\u043d\u0438\u0435 \u0443 \u043d\u0430\u0441\u0435\u043b\u0435\u043d\u0438\u044f \u0440\u0435\u0441\u043f\u0443\u0431\u043b\u0438\u043a\u0438 \u0447\u0443\u0432\u0441\u0442\u0432\u0430 \u0433\u043e\u0440\u0434\u043e\u0441\u0442\u0438 \u0437\u0430 [&hellip;]\" \/>\n<meta property=\"og:url\" content=\"https:\/\/moldovamare.md\/md\/ro\/anii-de-razboi-ai-familiei-mele\/\" \/>\n<meta property=\"og:site_name\" content=\"Moldova Mare\" \/>\n<meta property=\"article:modified_time\" content=\"2025-05-13T10:57:57+00:00\" \/>\n<meta name=\"twitter:card\" content=\"summary_large_image\" \/>\n<script type=\"application\/ld+json\" class=\"yoast-schema-graph\">{\"@context\":\"https:\/\/schema.org\",\"@graph\":[{\"@type\":\"WebPage\",\"@id\":\"https:\/\/moldovamare.md\/ro\/anii-de-razboi-ai-familiei-mele\/\",\"url\":\"https:\/\/moldovamare.md\/ro\/anii-de-razboi-ai-familiei-mele\/\",\"name\":\"\u0412\u043e\u0435\u043d\u043d\u044b\u0435 \u0433\u043e\u0434\u044b \u043c\u043e\u0435\u0439 \u0441\u0435\u043c\u044c\u0438 - Moldova Mare\",\"isPartOf\":{\"@id\":\"https:\/\/moldovamare.md\/#website\"},\"datePublished\":\"2025-05-12T14:24:17+00:00\",\"dateModified\":\"2025-05-13T10:57:57+00:00\",\"breadcrumb\":{\"@id\":\"https:\/\/moldovamare.md\/ro\/anii-de-razboi-ai-familiei-mele\/#breadcrumb\"},\"inLanguage\":\"ro-RO\",\"potentialAction\":[{\"@type\":\"ReadAction\",\"target\":[\"https:\/\/moldovamare.md\/ro\/anii-de-razboi-ai-familiei-mele\/\"]}]},{\"@type\":\"BreadcrumbList\",\"@id\":\"https:\/\/moldovamare.md\/ro\/anii-de-razboi-ai-familiei-mele\/#breadcrumb\",\"itemListElement\":[{\"@type\":\"ListItem\",\"position\":1,\"name\":\"Prima pagin\u0103\",\"item\":\"https:\/\/moldovamare.md\/md\/\"},{\"@type\":\"ListItem\",\"position\":2,\"name\":\"\u0412\u043e\u0435\u043d\u043d\u044b\u0435 \u0433\u043e\u0434\u044b \u043c\u043e\u0435\u0439 \u0441\u0435\u043c\u044c\u0438\"}]},{\"@type\":\"WebSite\",\"@id\":\"https:\/\/moldovamare.md\/#website\",\"url\":\"https:\/\/moldovamare.md\/\",\"name\":\"Moldova Mare\",\"description\":\"\",\"publisher\":{\"@id\":\"https:\/\/moldovamare.md\/#organization\"},\"potentialAction\":[{\"@type\":\"SearchAction\",\"target\":{\"@type\":\"EntryPoint\",\"urlTemplate\":\"https:\/\/moldovamare.md\/?s={search_term_string}\"},\"query-input\":{\"@type\":\"PropertyValueSpecification\",\"valueRequired\":true,\"valueName\":\"search_term_string\"}}],\"inLanguage\":\"ro-RO\"},{\"@type\":\"Organization\",\"@id\":\"https:\/\/moldovamare.md\/#organization\",\"name\":\"Moldova Mare\",\"url\":\"https:\/\/moldovamare.md\/\",\"logo\":{\"@type\":\"ImageObject\",\"inLanguage\":\"ro-RO\",\"@id\":\"https:\/\/moldovamare.md\/#\/schema\/logo\/image\/\",\"url\":\"\",\"contentUrl\":\"\",\"caption\":\"Moldova Mare\"},\"image\":{\"@id\":\"https:\/\/moldovamare.md\/#\/schema\/logo\/image\/\"}}]}<\/script>\n<!-- \/ Yoast SEO plugin. -->","yoast_head_json":{"title":"\u0412\u043e\u0435\u043d\u043d\u044b\u0435 \u0433\u043e\u0434\u044b \u043c\u043e\u0435\u0439 \u0441\u0435\u043c\u044c\u0438 - Moldova Mare","robots":{"index":"index","follow":"follow","max-snippet":"max-snippet:-1","max-image-preview":"max-image-preview:large","max-video-preview":"max-video-preview:-1"},"canonical":"https:\/\/moldovamare.md\/md\/ro\/anii-de-razboi-ai-familiei-mele\/","og_locale":"ro_RO","og_type":"article","og_title":"\u0412\u043e\u0435\u043d\u043d\u044b\u0435 \u0433\u043e\u0434\u044b \u043c\u043e\u0435\u0439 \u0441\u0435\u043c\u044c\u0438 - Moldova Mare","og_description":"\u041f\u043e\u043b\u043e\u0436\u0435\u043d\u0438\u0435 \u043e \u043a\u043e\u043d\u043a\u0443\u0440\u0441\u0435 I. \u041e\u0431\u0449\u0438\u0435 \u041f\u043e\u043b\u043e\u0436\u0435\u043d\u0438\u044f 1. \u041a\u043e\u043d\u043a\u0443\u0440\u0441 \u0440\u0430\u0431\u043e\u0442 \u00ab\u0412\u043e\u0435\u043d\u043d\u044b\u0435 \u0433\u043e\u0434\u044b \u043c\u043e\u0435\u0439 \u0441\u0435\u043c\u044c\u0438\u00bb 2. \u041e\u0440\u0433\u0430\u043d\u0438\u0437\u0430\u0442\u043e\u0440 \u043a\u043e\u043d\u043a\u0443\u0440\u0441\u0430 \u043f\u0430\u0440\u0442\u0438\u044f \u00ab\u041c\u043e\u043b\u0434\u043e\u0432\u0430 \u041c\u0430\u0440\u0435\u00bb 3. \u0426\u0435\u043b\u044c \u043a\u043e\u043d\u043a\u0443\u0440\u0441\u0430 \u2013 \u0432\u043e\u0441\u043f\u0438\u0442\u0430\u043d\u0438\u0435 \u0443 \u043d\u0430\u0441\u0435\u043b\u0435\u043d\u0438\u044f \u0440\u0435\u0441\u043f\u0443\u0431\u043b\u0438\u043a\u0438 \u0447\u0443\u0432\u0441\u0442\u0432\u0430 \u0433\u043e\u0440\u0434\u043e\u0441\u0442\u0438 \u0437\u0430 [&hellip;]","og_url":"https:\/\/moldovamare.md\/md\/ro\/anii-de-razboi-ai-familiei-mele\/","og_site_name":"Moldova Mare","article_modified_time":"2025-05-13T10:57:57+00:00","twitter_card":"summary_large_image","schema":{"@context":"https:\/\/schema.org","@graph":[{"@type":"WebPage","@id":"https:\/\/moldovamare.md\/ro\/anii-de-razboi-ai-familiei-mele\/","url":"https:\/\/moldovamare.md\/ro\/anii-de-razboi-ai-familiei-mele\/","name":"\u0412\u043e\u0435\u043d\u043d\u044b\u0435 \u0433\u043e\u0434\u044b \u043c\u043e\u0435\u0439 \u0441\u0435\u043c\u044c\u0438 - Moldova Mare","isPartOf":{"@id":"https:\/\/moldovamare.md\/#website"},"datePublished":"2025-05-12T14:24:17+00:00","dateModified":"2025-05-13T10:57:57+00:00","breadcrumb":{"@id":"https:\/\/moldovamare.md\/ro\/anii-de-razboi-ai-familiei-mele\/#breadcrumb"},"inLanguage":"ro-RO","potentialAction":[{"@type":"ReadAction","target":["https:\/\/moldovamare.md\/ro\/anii-de-razboi-ai-familiei-mele\/"]}]},{"@type":"BreadcrumbList","@id":"https:\/\/moldovamare.md\/ro\/anii-de-razboi-ai-familiei-mele\/#breadcrumb","itemListElement":[{"@type":"ListItem","position":1,"name":"Prima pagin\u0103","item":"https:\/\/moldovamare.md\/md\/"},{"@type":"ListItem","position":2,"name":"\u0412\u043e\u0435\u043d\u043d\u044b\u0435 \u0433\u043e\u0434\u044b \u043c\u043e\u0435\u0439 \u0441\u0435\u043c\u044c\u0438"}]},{"@type":"WebSite","@id":"https:\/\/moldovamare.md\/#website","url":"https:\/\/moldovamare.md\/","name":"Moldova Mare","description":"","publisher":{"@id":"https:\/\/moldovamare.md\/#organization"},"potentialAction":[{"@type":"SearchAction","target":{"@type":"EntryPoint","urlTemplate":"https:\/\/moldovamare.md\/?s={search_term_string}"},"query-input":{"@type":"PropertyValueSpecification","valueRequired":true,"valueName":"search_term_string"}}],"inLanguage":"ro-RO"},{"@type":"Organization","@id":"https:\/\/moldovamare.md\/#organization","name":"Moldova Mare","url":"https:\/\/moldovamare.md\/","logo":{"@type":"ImageObject","inLanguage":"ro-RO","@id":"https:\/\/moldovamare.md\/#\/schema\/logo\/image\/","url":"","contentUrl":"","caption":"Moldova Mare"},"image":{"@id":"https:\/\/moldovamare.md\/#\/schema\/logo\/image\/"}}]}},"_links":{"self":[{"href":"https:\/\/moldovamare.md\/md\/wp-json\/wp\/v2\/pages\/4311","targetHints":{"allow":["GET"]}}],"collection":[{"href":"https:\/\/moldovamare.md\/md\/wp-json\/wp\/v2\/pages"}],"about":[{"href":"https:\/\/moldovamare.md\/md\/wp-json\/wp\/v2\/types\/page"}],"author":[{"embeddable":true,"href":"https:\/\/moldovamare.md\/md\/wp-json\/wp\/v2\/users\/1"}],"replies":[{"embeddable":true,"href":"https:\/\/moldovamare.md\/md\/wp-json\/wp\/v2\/comments?post=4311"}],"version-history":[{"count":26,"href":"https:\/\/moldovamare.md\/md\/wp-json\/wp\/v2\/pages\/4311\/revisions"}],"predecessor-version":[{"id":4395,"href":"https:\/\/moldovamare.md\/md\/wp-json\/wp\/v2\/pages\/4311\/revisions\/4395"}],"wp:attachment":[{"href":"https:\/\/moldovamare.md\/md\/wp-json\/wp\/v2\/media?parent=4311"}],"curies":[{"name":"wp","href":"https:\/\/api.w.org\/{rel}","templated":true}]}}